{"id":787,"date":"2021-02-04T14:21:46","date_gmt":"2021-02-04T13:21:46","guid":{"rendered":"https:\/\/www.mizarjewels.com\/?page_id=787"},"modified":"2021-06-14T10:50:00","modified_gmt":"2021-06-14T08:50:00","slug":"bespoke-orders","status":"publish","type":"page","link":"https:\/\/mizarjewels.com\/it\/bespoke-orders\/","title":{"rendered":"Bespoke Orders"},"content":{"rendered":"<div data-midnight=\"dark-title\" class=\"row wpb_row row-fluid align-center colonna\"><div class=\"wpb_column columns animation fade-in medium-12 large-8 medium-10 thb-dark-column small-12\"><div class=\"vc_column-inner\"><div class=\"wpb_wrapper\">\r\n\t<div class=\"wpb_text_column wpb_content_element animation fade-in\">\r\n\t\t<div class=\"wpb_wrapper\">\r\n\t\t\t<h2 style=\"text-align: center;\">Personalizzazione<\/h2>\n\r\n\t\t<\/div>\r\n\t<\/div>\r\n<div class=\"vc_separator wpb_content_element vc_separator_align_center vc_sep_width_10 vc_sep_pos_align_center vc_separator_no_text vc_sep_color_black wpb_content_element  wpb_content_element sep-centro\" ><span class=\"vc_sep_holder vc_sep_holder_l\"><span class=\"vc_sep_line\"><\/span><\/span><span class=\"vc_sep_holder vc_sep_holder_r\"><span class=\"vc_sep_line\"><\/span><\/span>\n<\/div><div class=\"vc_empty_space\"   style=\"height: 35px\"><span class=\"vc_empty_space_inner\"><\/span><\/div><div class=\"row wpb_row vc_inner row-fluid centro-testo\"><div class=\"wpb_column columns medium-2 thb-dark-column small-12\"><div class=\"vc_column-inner\"><div class=\"wpb_wrapper\"><\/div><\/div><\/div><div class=\"wpb_column columns medium-8 thb-dark-column small-12\"><div class=\"vc_column-inner\"><div class=\"wpb_wrapper\">\r\n\t<div class=\"wpb_text_column wpb_content_element\">\r\n\t\t<div class=\"wpb_wrapper\">\r\n\t\t\t<p class=\"p1\">In alcuni casi \u00e8 possibile personalizzare un gioiello Mizar. Si pu\u00f2 richiedere una lunghezza diversa di catena oppure un attacco diverso di orecchino. Anche la misura delle collane e le taglie degli anelli e dei bracciali possono ricevere richieste particolari, ove possibile. Anche i colori dei gioielli possono essere cambiati rispetto alla foto pubblicata. I prodotti personalizzati non possono per\u00f2 essere restituiti e costituiscono quindi un'eccezione alle Condizioni Generali di Reso .<\/p>\n\r\n\t\t<\/div>\r\n\t<\/div>\r\n<div class=\"vc_empty_space\"   style=\"height: 32px\"><span class=\"vc_empty_space_inner\"><\/span><\/div>\r\n\t<div class=\"wpb_text_column wpb_content_element\">\r\n\t\t<div class=\"wpb_wrapper\">\r\n\t\t\t<p><strong>Per richiedere la possibilit\u00e0 di una personalizzazione un gioiello mandate una mail a:<\/strong><\/p>\n\r\n\t\t<\/div>\r\n\t<\/div>\r\n<div class=\"vc_empty_space\"   style=\"height: 16px\"><span class=\"vc_empty_space_inner\"><\/span><\/div>\t<a class=\"btn pill    small pulsante-size-guide pulsante-contact-us\" href=\"\/it\/ma&\/#105;&#108;&#116;&#x6f;&#x3a;&#x69;&#x6e;&#x66;o&#64;&#109;&#105;&#122;&#x61;&#x72;&#x6a;&#x65;&#x77;el&#115;&#46;&#99;&#x6f;&#x6d;\" target=\"_blank\" role=\"button\" title=\"&#x69;&#110;f&#x6f;&#64;m&#x69;&#122;a&#x72;&#106;e&#x77;&#101;l&#x73;&#x2e;c&#x6f;&#x6d;\"><span>&#x69;&#110;&#x66;&#x6f;&#64;&#x6d;&#x69;&#122;&#x61;&#x72;&#106;&#x65;&#x77;e&#x6c;&#x73;&#46;&#x63;&#111;m<\/span><\/a>\r\n\r\n\t<div class=\"vc_empty_space\"   style=\"height: 32px\"><span class=\"vc_empty_space_inner\"><\/span><\/div>\r\n\t<div class=\"wpb_text_column wpb_content_element\">\r\n\t\t<div class=\"wpb_wrapper\">\r\n\t\t\t<p><strong>Per informazioni sui prodotti e ordini online chiamaci al numero di telefono:<\/strong><\/p>\n\r\n\t\t<\/div>\r\n\t<\/div>\r\n<div class=\"vc_empty_space\"   style=\"height: 16px\"><span class=\"vc_empty_space_inner\"><\/span><\/div>\t<a class=\"btn pill-alt    small pulsante-size-guide pulsante-contact-us\" href=\"tel:+3904441443235\" target=\"_blank\" role=\"button\" title=\"+39 0444 144 32 35\"><span>+39 0444 144 32 35<\/span><\/a>\r\n\r\n\t<div class=\"vc_empty_space\"   style=\"height: 16px\"><span class=\"vc_empty_space_inner\"><\/span><\/div><div class=\"vc_separator wpb_content_element vc_separator_align_center vc_sep_width_100 vc_sep_pos_align_center vc_sep_color_white wpb_content_element wpb_animate_when_almost_visible wpb_fadeIn fadeIn\" ><span class=\"vc_sep_holder vc_sep_holder_l\"><span class=\"vc_sep_line\"><\/span><\/span><div class=\"vc_icon_element vc_icon_element-outer vc_do_icon vc_icon_element-align-left\"><div class=\"vc_icon_element-inner vc_icon_element-color-custom vc_icon_element-size-xs vc_icon_element-style- vc_icon_element-background-color-grey\" ><span class=\"vc_icon_element-icon fas fa-star\" style=\"color:#000000 !important\"><\/span><\/div><\/div><span class=\"vc_sep_holder vc_sep_holder_r\"><span class=\"vc_sep_line\"><\/span><\/span>\n<\/div>\r\n\t<div class=\"wpb_text_column wpb_content_element\">\r\n\t\t<div class=\"wpb_wrapper\">\r\n\t\t\t<p><span class=\"may-we-help-schedule-call-text-days\">L'assistenza clienti online \u00e8 disponibile dal luned\u00ec al venerd\u00ec, con orario dalle <strong>9.00<\/strong> e <strong>17:00<\/strong>, (GMT+1).<\/span><\/p>\n\r\n\t\t<\/div>\r\n\t<\/div>\r\n<div class=\"vc_empty_space\"   style=\"height: 32px\"><span class=\"vc_empty_space_inner\"><\/span><\/div><\/div><\/div><\/div><div class=\"wpb_column columns medium-2 thb-dark-column small-12\"><div class=\"vc_column-inner\"><div class=\"wpb_wrapper\"><\/div><\/div><\/div><\/div><\/div><\/div><\/div><\/div>","protected":false},"excerpt":{"rendered":"Customisation In some cases, it is possible to have a Mizar jewel customised. You can require a specific chain lenght, a different earrings lock, a&hellip;","protected":false},"author":34,"featured_media":0,"parent":0,"menu_order":0,"comment_status":"closed","ping_status":"closed","template":"","meta":{"footnotes":""},"class_list":["post-787","page","type-page","status-publish","hentry"],"_links":{"self":[{"href":"https:\/\/mizarjewels.com\/it\/wp-json\/wp\/v2\/pages\/787","targetHints":{"allow":["GET"]}}],"collection":[{"href":"https:\/\/mizarjewels.com\/it\/wp-json\/wp\/v2\/pages"}],"about":[{"href":"https:\/\/mizarjewels.com\/it\/wp-json\/wp\/v2\/types\/page"}],"author":[{"embeddable":true,"href":"https:\/\/mizarjewels.com\/it\/wp-json\/wp\/v2\/users\/34"}],"replies":[{"embeddable":true,"href":"https:\/\/mizarjewels.com\/it\/wp-json\/wp\/v2\/comments?post=787"}],"version-history":[{"count":0,"href":"https:\/\/mizarjewels.com\/it\/wp-json\/wp\/v2\/pages\/787\/revisions"}],"wp:attachment":[{"href":"https:\/\/mizarjewels.com\/it\/wp-json\/wp\/v2\/media?parent=787"}],"curies":[{"name":"wp","href":"https:\/\/api.w.org\/{rel}","templated":true}]}}