{"id":775,"date":"2021-02-04T14:20:16","date_gmt":"2021-02-04T14:20:16","guid":{"rendered":"https:\/\/www.mizarjewels.com\/?page_id=775"},"modified":"2021-06-14T10:50:00","modified_gmt":"2021-06-14T08:50:00","slug":"jewellery-care","status":"publish","type":"page","link":"https:\/\/mizarjewels.com\/it\/jewellery-care\/","title":{"rendered":"Jewellery Care"},"content":{"rendered":"<div data-midnight=\"dark-title\" class=\"row wpb_row row-fluid align-center colonna\"><div class=\"wpb_column columns animation fade-in medium-12 large-8 medium-10 thb-dark-column small-12\"><div class=\"vc_column-inner\"><div class=\"wpb_wrapper\">\r\n\t<div class=\"wpb_text_column wpb_content_element animation fade-in\">\r\n\t\t<div class=\"wpb_wrapper\">\r\n\t\t\t<h2 style=\"text-align: center;\">Per preservare la bellezza del tuo gioiello Mizar<\/h2>\n\r\n\t\t<\/div>\r\n\t<\/div>\r\n<div class=\"vc_separator wpb_content_element vc_separator_align_center vc_sep_width_10 vc_sep_pos_align_center vc_separator_no_text vc_sep_color_black wpb_content_element  wpb_content_element sep-centro\" ><span class=\"vc_sep_holder vc_sep_holder_l\"><span class=\"vc_sep_line\"><\/span><\/span><span class=\"vc_sep_holder vc_sep_holder_r\"><span class=\"vc_sep_line\"><\/span><\/span>\n<\/div><div class=\"vc_empty_space\"   style=\"height: 35px\"><span class=\"vc_empty_space_inner\"><\/span><\/div><div class=\"row wpb_row vc_inner row-fluid\"><div class=\"wpb_column columns medium-2 thb-dark-column small-12\"><div class=\"vc_column-inner\"><div class=\"wpb_wrapper\"><\/div><\/div><\/div><div class=\"wpb_column columns medium-8 thb-dark-column small-12\"><div class=\"vc_column-inner\"><div class=\"wpb_wrapper\">\r\n\t<div class=\"wpb_text_column wpb_content_element\">\r\n\t\t<div class=\"wpb_wrapper\">\r\n\t\t\t<ul>\n<li class=\"p1\">Evita urti e attriti. Per quanto possibile, si consiglia di tenere conto delle attivit\u00e0 svolte indossando un gioiello. In piscina, al mare o, pi\u00f9 in generale, quando si pratica sport o attivit\u00e0 fisica, alcuni movimenti possono influenzare il metallo. Indossare un gioiello con o accanto ad altri pu\u00f2 farli sfregare l'uno contro l'altro, danneggiando potenzialmente la superficie ed i colori del gioiello.<\/li>\n<li class=\"p1\">Saponi, creme e profumi sono difficili da rimuovere e possono intaccare la\nluminosit\u00e0 dell'oro delle pietre ed i colori del gioiello.<\/li>\n<li class=\"p1\">I detergenti possono contenere sostanze corrosive nocive sia per l'oro che per le pietre e per i colori del gioiello<\/li>\n<li class=\"p1\">Non esporre il gioiello a calore intenso o sbalzi di temperatura in quanto ci\u00f2 potrebbe danneggiare in modo permanente i colori del gioiello.<\/li>\n<li class=\"p1\">Qualsiasi gioiello in oro, oro e diamanti o oro e pietre preziose deve essere pulito utilizzando acqua tiepida e una spazzola con setole morbide. Quindi, asciugalo piuttosto che strofinarlo, usando un panno morbido e privo di lanugine.<\/li>\n<\/ul>\n\r\n\t\t<\/div>\r\n\t<\/div>\r\n<div class=\"vc_empty_space\"   style=\"height: 32px\"><span class=\"vc_empty_space_inner\"><\/span><\/div><div class=\"vc_separator wpb_content_element vc_separator_align_center vc_sep_width_100 vc_sep_pos_align_center vc_sep_color_white wpb_content_element wpb_animate_when_almost_visible wpb_fadeIn fadeIn\" ><span class=\"vc_sep_holder vc_sep_holder_l\"><span class=\"vc_sep_line\"><\/span><\/span><div class=\"vc_icon_element vc_icon_element-outer vc_do_icon vc_icon_element-align-left\"><div class=\"vc_icon_element-inner vc_icon_element-color-custom vc_icon_element-size-xs vc_icon_element-style- vc_icon_element-background-color-grey\" ><span class=\"vc_icon_element-icon fas fa-star\" style=\"color:#000000 !important\"><\/span><\/div><\/div><span class=\"vc_sep_holder vc_sep_holder_r\"><span class=\"vc_sep_line\"><\/span><\/span>\n<\/div><\/div><\/div><\/div><div class=\"wpb_column columns medium-2 thb-dark-column small-12\"><div class=\"vc_column-inner\"><div class=\"wpb_wrapper\"><\/div><\/div><\/div><\/div><\/div><\/div><\/div><\/div>","protected":false},"excerpt":{"rendered":"To preserve the beauty of your Mizar jewel Avoid shocks and friction. As far as possible, we recommend taking into account the activities conducted while&hellip;","protected":false},"author":34,"featured_media":0,"parent":0,"menu_order":0,"comment_status":"closed","ping_status":"closed","template":"","meta":{"footnotes":""},"class_list":["post-775","page","type-page","status-publish","hentry"],"_links":{"self":[{"href":"https:\/\/mizarjewels.com\/it\/wp-json\/wp\/v2\/pages\/775","targetHints":{"allow":["GET"]}}],"collection":[{"href":"https:\/\/mizarjewels.com\/it\/wp-json\/wp\/v2\/pages"}],"about":[{"href":"https:\/\/mizarjewels.com\/it\/wp-json\/wp\/v2\/types\/page"}],"author":[{"embeddable":true,"href":"https:\/\/mizarjewels.com\/it\/wp-json\/wp\/v2\/users\/34"}],"replies":[{"embeddable":true,"href":"https:\/\/mizarjewels.com\/it\/wp-json\/wp\/v2\/comments?post=775"}],"version-history":[{"count":0,"href":"https:\/\/mizarjewels.com\/it\/wp-json\/wp\/v2\/pages\/775\/revisions"}],"wp:attachment":[{"href":"https:\/\/mizarjewels.com\/it\/wp-json\/wp\/v2\/media?parent=775"}],"curies":[{"name":"wp","href":"https:\/\/api.w.org\/{rel}","templated":true}]}}