{"id":207,"date":"2017-08-17T19:41:42","date_gmt":"2017-08-17T17:41:42","guid":{"rendered":"http:\/\/newnorth.fuelthemes.net\/north-lookbook\/?page_id=207"},"modified":"2021-06-14T10:50:00","modified_gmt":"2021-06-14T08:50:00","slug":"contact-us","status":"publish","type":"page","link":"https:\/\/mizarjewels.com\/it\/contact-us\/","title":{"rendered":"Contattaci"},"content":{"rendered":"<div data-midnight=\"dark-title\" class=\"row wpb_row row-fluid align-center colonna\"><div class=\"wpb_column columns animation fade-in medium-12 large-8 medium-10 thb-dark-column small-12\"><div class=\"vc_column-inner\"><div class=\"wpb_wrapper\">\r\n\t<div class=\"wpb_text_column wpb_content_element animation fade-in\">\r\n\t\t<div class=\"wpb_wrapper\">\r\n\t\t\t<h2 style=\"text-align: center;\">Servizio Clienti<\/h2>\n\r\n\t\t<\/div>\r\n\t<\/div>\r\n<div class=\"vc_separator wpb_content_element vc_separator_align_center vc_sep_width_10 vc_sep_pos_align_center vc_separator_no_text vc_sep_color_black wpb_content_element  wpb_content_element sep-centro\" ><span class=\"vc_sep_holder vc_sep_holder_l\"><span class=\"vc_sep_line\"><\/span><\/span><span class=\"vc_sep_holder vc_sep_holder_r\"><span class=\"vc_sep_line\"><\/span><\/span>\n<\/div><div class=\"vc_empty_space\"   style=\"height: 35px\"><span class=\"vc_empty_space_inner\"><\/span><\/div><div class=\"row wpb_row vc_inner row-fluid centro-testo\"><div class=\"wpb_column columns medium-3 thb-dark-column small-12\"><div class=\"vc_column-inner\"><div class=\"wpb_wrapper\"><\/div><\/div><\/div><div class=\"wpb_column columns medium-6 thb-dark-column small-12\"><div class=\"vc_column-inner\"><div class=\"wpb_wrapper\">\r\n\t<div class=\"wpb_text_column wpb_content_element\">\r\n\t\t<div class=\"wpb_wrapper\">\r\n\t\t\t<p>Il servizio clienti di Dubhe srl titolare del marchio Mizar \u00e8 a tua completa disposizione per qualsiasi necessit\u00e0 relativa agli acquisti on-line.<br \/>\nSiamo lieti di darti informazioni e delucidazioni in merito ai prodotti, ad eventuali richieste speciali su lunghezze catene, misure anelli, colori finiture, ove possibile, allo stato dei tuoi ordini, ai pagamenti e a quant\u2019altro possa esserti utile per<br \/>\nacquistare in completa fiducia.<\/p>\n\r\n\t\t<\/div>\r\n\t<\/div>\r\n\r\n\t<div class=\"wpb_text_column wpb_content_element\">\r\n\t\t<div class=\"wpb_wrapper\">\r\n\t\t\t<p><strong>Per qualsiasi necessit\u00e0, scrivici a:<\/strong><\/p>\n\r\n\t\t<\/div>\r\n\t<\/div>\r\n<div class=\"vc_empty_space\"   style=\"height: 16px\"><span class=\"vc_empty_space_inner\"><\/span><\/div>\t<a class=\"btn pill    small pulsante-size-guide pulsante-contact-us\" href=\"mailto:info@mizarjewels.com\" target=\"_blank\" role=\"button\" title=\"info@mizarjewels.com\"><span>info@mizarjewels.com<\/span><\/a>\r\n\r\n\t<div class=\"vc_empty_space\"   style=\"height: 32px\"><span class=\"vc_empty_space_inner\"><\/span><\/div>\r\n\t<div class=\"wpb_text_column wpb_content_element\">\r\n\t\t<div class=\"wpb_wrapper\">\r\n\t\t\t<p><strong>Per informazioni sui prodotti e ordini online chiamaci al numero di telefono:<\/strong><\/p>\n\r\n\t\t<\/div>\r\n\t<\/div>\r\n<div class=\"vc_empty_space\"   style=\"height: 16px\"><span class=\"vc_empty_space_inner\"><\/span><\/div>\t<a class=\"btn pill-alt    small pulsante-size-guide pulsante-contact-us\" href=\"tel:+3904441443235\" target=\"_blank\" role=\"button\" title=\"+39 0444 144 32 35\"><span>+39 0444 144 32 35<\/span><\/a>\r\n\r\n\t<div class=\"vc_empty_space\"   style=\"height: 32px\"><span class=\"vc_empty_space_inner\"><\/span><\/div>\r\n\t<div class=\"wpb_text_column wpb_content_element\">\r\n\t\t<div class=\"wpb_wrapper\">\r\n\t\t\t<p><span class=\"may-we-help-schedule-call-text-days\">L'assistenza clienti online \u00e8 disponibile dal luned\u00ec al venerd\u00ec, con orario dalle <strong>9.00<\/strong> e <strong>17:00<\/strong>, (GMT+1).<\/span><\/p>\n\r\n\t\t<\/div>\r\n\t<\/div>\r\n<div class=\"vc_empty_space\"   style=\"height: 16px\"><span class=\"vc_empty_space_inner\"><\/span><\/div><div class=\"vc_separator wpb_content_element vc_separator_align_center vc_sep_width_100 vc_sep_pos_align_center vc_sep_color_white wpb_content_element wpb_animate_when_almost_visible wpb_fadeIn fadeIn\" ><span class=\"vc_sep_holder vc_sep_holder_l\"><span class=\"vc_sep_line\"><\/span><\/span><div class=\"vc_icon_element vc_icon_element-outer vc_do_icon vc_icon_element-align-left\"><div class=\"vc_icon_element-inner vc_icon_element-color-custom vc_icon_element-size-xs vc_icon_element-style- vc_icon_element-background-color-grey\" ><span class=\"vc_icon_element-icon fas fa-star\" style=\"color:#000000 !important\"><\/span><\/div><\/div><span class=\"vc_sep_holder vc_sep_holder_r\"><span class=\"vc_sep_line\"><\/span><\/span>\n<\/div><\/div><\/div><\/div><div class=\"wpb_column columns medium-3 thb-dark-column small-12\"><div class=\"vc_column-inner\"><div class=\"wpb_wrapper\"><\/div><\/div><\/div><\/div><\/div><\/div><\/div><\/div>","protected":false},"excerpt":{"rendered":"Customer Care The Customer Service of Dubhe srl owner of the trade mark Mizar is at your full disposal for any need related to your&hellip;","protected":false},"author":34,"featured_media":0,"parent":0,"menu_order":0,"comment_status":"closed","ping_status":"closed","template":"","meta":{"footnotes":""},"class_list":["post-207","page","type-page","status-publish","hentry"],"_links":{"self":[{"href":"https:\/\/mizarjewels.com\/it\/wp-json\/wp\/v2\/pages\/207","targetHints":{"allow":["GET"]}}],"collection":[{"href":"https:\/\/mizarjewels.com\/it\/wp-json\/wp\/v2\/pages"}],"about":[{"href":"https:\/\/mizarjewels.com\/it\/wp-json\/wp\/v2\/types\/page"}],"author":[{"embeddable":true,"href":"https:\/\/mizarjewels.com\/it\/wp-json\/wp\/v2\/users\/34"}],"replies":[{"embeddable":true,"href":"https:\/\/mizarjewels.com\/it\/wp-json\/wp\/v2\/comments?post=207"}],"version-history":[{"count":0,"href":"https:\/\/mizarjewels.com\/it\/wp-json\/wp\/v2\/pages\/207\/revisions"}],"wp:attachment":[{"href":"https:\/\/mizarjewels.com\/it\/wp-json\/wp\/v2\/media?parent=207"}],"curies":[{"name":"wp","href":"https:\/\/api.w.org\/{rel}","templated":true}]}}